{"id":943,"date":"2018-07-26T18:51:35","date_gmt":"2018-07-26T18:51:35","guid":{"rendered":"https:\/\/www.proingesa.cl\/proingesa\/?page_id=943"},"modified":"2018-07-26T19:06:29","modified_gmt":"2018-07-26T19:06:29","slug":"control-y-protecciones","status":"publish","type":"page","link":"https:\/\/www.proingesa.cl\/proingesa\/servicios-area-energia\/control-y-protecciones\/","title":{"rendered":"Control y Protecciones"},"content":{"rendered":"Realizamos todos\u00a0 los documentos y planos necesarios para el correcto conexionado de los equipos de control y protecciones de los pa\u00f1os de una subestaci\u00f3n el\u00e9ctrica.\r\n<ul>\r\n\t<li>Filosof\u00eda de control y protecciones<\/li>\r\n\t<li>Minutas de desalambrado y alambrado<\/li>\r\n\t<li>Listados de cable<\/li>\r\n\t<li>Diagramas l\u00f3gicos<\/li>\r\n\t<li>Elementales de corriente alterna<\/li>\r\n\t<li>Elementales de corriente continua<\/li>\r\n\t<li>Alambrados<\/li>\r\n<\/ul>","protected":false},"excerpt":{"rendered":"<p>Realizamos todos\u00a0 los documentos y planos necesarios para el correcto conexionado de los equipos de control y protecciones de los pa\u00f1os de una subestaci\u00f3n el\u00e9ctrica. Filosof\u00eda de control y protecciones Minutas de desalambrado y alambrado Listados de cable Diagramas l\u00f3gicos Elementales de corriente alterna Elementales de corriente continua Alambrados<\/p>\n","protected":false},"author":1,"featured_media":0,"parent":926,"menu_order":2,"comment_status":"closed","ping_status":"closed","template":"page-servicios-industrial.php","meta":[],"_links":{"self":[{"href":"https:\/\/www.proingesa.cl\/proingesa\/wp-json\/wp\/v2\/pages\/943"}],"collection":[{"href":"https:\/\/www.proingesa.cl\/proingesa\/wp-json\/wp\/v2\/pages"}],"about":[{"href":"https:\/\/www.proingesa.cl\/proingesa\/wp-json\/wp\/v2\/types\/page"}],"author":[{"embeddable":true,"href":"https:\/\/www.proingesa.cl\/proingesa\/wp-json\/wp\/v2\/users\/1"}],"replies":[{"embeddable":true,"href":"https:\/\/www.proingesa.cl\/proingesa\/wp-json\/wp\/v2\/comments?post=943"}],"version-history":[{"count":7,"href":"https:\/\/www.proingesa.cl\/proingesa\/wp-json\/wp\/v2\/pages\/943\/revisions"}],"predecessor-version":[{"id":963,"href":"https:\/\/www.proingesa.cl\/proingesa\/wp-json\/wp\/v2\/pages\/943\/revisions\/963"}],"up":[{"embeddable":true,"href":"https:\/\/www.proingesa.cl\/proingesa\/wp-json\/wp\/v2\/pages\/926"}],"wp:attachment":[{"href":"https:\/\/www.proingesa.cl\/proingesa\/wp-json\/wp\/v2\/media?parent=943"}],"curies":[{"name":"wp","href":"https:\/\/api.w.org\/{rel}","templated":true}]}}