{"id":939,"date":"2018-07-26T18:50:00","date_gmt":"2018-07-26T18:50:00","guid":{"rendered":"https:\/\/www.proingesa.cl\/proingesa\/?page_id=939"},"modified":"2018-07-26T18:52:20","modified_gmt":"2018-07-26T18:52:20","slug":"civil-estructural","status":"publish","type":"page","link":"https:\/\/www.proingesa.cl\/proingesa\/servicios-area-energia\/civil-estructural\/","title":{"rendered":"Civil Estructural"},"content":{"rendered":"Realizamos todos\u00a0 los documentos y planos necesarios para la construcci\u00f3n de obras civiles y estructurales involucradas en subestaciones el\u00e9ctricas de transmisi\u00f3n, generaci\u00f3n y distribuci\u00f3n para distintos niveles de tensi\u00f3n El\u00e9ctrica.\r\n<ul>\r\n\t<li>Memorias de c\u00e1lculos estructurales<\/li>\r\n\t<li>Memoria de c\u00e1lculos de fundaciones<\/li>\r\n\t<li>Plataformas<\/li>\r\n\t<li>Muros cortafuego<\/li>\r\n\t<li>Cierres perimetrales<\/li>\r\n\t<li>Salas el\u00e9ctricas para distintas materialidades<\/li>\r\n\t<li>Estructuras Altas como marcos de barra y marcos de l\u00ednea<\/li>\r\n<\/ul>","protected":false},"excerpt":{"rendered":"<p>Realizamos todos\u00a0 los documentos y planos necesarios para la construcci\u00f3n de obras civiles y estructurales involucradas en subestaciones el\u00e9ctricas de transmisi\u00f3n, generaci\u00f3n y distribuci\u00f3n para distintos niveles de tensi\u00f3n El\u00e9ctrica. Memorias de c\u00e1lculos estructurales Memoria de c\u00e1lculos de fundaciones Plataformas Muros cortafuego Cierres perimetrales Salas el\u00e9ctricas para distintas materialidades Estructuras Altas como marcos de barra<\/p>\n<p><a href=\"https:\/\/www.proingesa.cl\/proingesa\/servicios-area-energia\/civil-estructural\/\">(More)\u2026<\/a><\/p>\n","protected":false},"author":1,"featured_media":0,"parent":926,"menu_order":1,"comment_status":"closed","ping_status":"closed","template":"page-servicios-industrial.php","meta":[],"_links":{"self":[{"href":"https:\/\/www.proingesa.cl\/proingesa\/wp-json\/wp\/v2\/pages\/939"}],"collection":[{"href":"https:\/\/www.proingesa.cl\/proingesa\/wp-json\/wp\/v2\/pages"}],"about":[{"href":"https:\/\/www.proingesa.cl\/proingesa\/wp-json\/wp\/v2\/types\/page"}],"author":[{"embeddable":true,"href":"https:\/\/www.proingesa.cl\/proingesa\/wp-json\/wp\/v2\/users\/1"}],"replies":[{"embeddable":true,"href":"https:\/\/www.proingesa.cl\/proingesa\/wp-json\/wp\/v2\/comments?post=939"}],"version-history":[{"count":4,"href":"https:\/\/www.proingesa.cl\/proingesa\/wp-json\/wp\/v2\/pages\/939\/revisions"}],"predecessor-version":[{"id":945,"href":"https:\/\/www.proingesa.cl\/proingesa\/wp-json\/wp\/v2\/pages\/939\/revisions\/945"}],"up":[{"embeddable":true,"href":"https:\/\/www.proingesa.cl\/proingesa\/wp-json\/wp\/v2\/pages\/926"}],"wp:attachment":[{"href":"https:\/\/www.proingesa.cl\/proingesa\/wp-json\/wp\/v2\/media?parent=939"}],"curies":[{"name":"wp","href":"https:\/\/api.w.org\/{rel}","templated":true}]}}