{"id":884,"date":"2018-07-16T21:55:26","date_gmt":"2018-07-16T21:55:26","guid":{"rendered":"https:\/\/www.proingesa.cl\/proingesa\/?page_id=884"},"modified":"2018-07-17T19:22:42","modified_gmt":"2018-07-17T19:22:42","slug":"descargas","status":"publish","type":"page","link":"https:\/\/www.proingesa.cl\/proingesa\/descargas\/","title":{"rendered":"Descargas"},"content":{"rendered":"<p style=\"text-align: left;\">En esta secci\u00f3n, podr\u00e1 acceder a documentos y presentaciones de nuestra empresa:<\/p>\r\n<p style=\"text-align: left;\"><img loading=\"lazy\" class=\"size-full wp-image-895\" alt=\"descargas-01\" src=\"https:\/\/www.proingesa.cl\/proingesa\/wp-content\/uploads\/2018\/07\/descargas-01.jpg\" width=\"122\" height=\"118\" \/><\/p>\r\n<p style=\"text-align: left;\"><strong>(PDF)<\/strong>\u00a0<span style=\"text-decoration: underline;\"><a href=\"https:\/\/www.proingesa.cl\/proingesa\/wp-content\/uploads\/2018\/07\/presentacion_area_industrial_2018.pdf\">Presentaci\u00f3n \u00c1rea Industrial 2018<\/a>\r\n<\/span><\/p>\r\n<p style=\"text-align: left;\"><strong>(PDF)\u00a0<\/strong><span style=\"text-decoration: underline;\"><a href=\"https:\/\/www.proingesa.cl\/proingesa\/wp-content\/uploads\/2018\/07\/presentacion_experiencia_energia_2018.pdf\">Presentaci\u00f3n Experiencia Energ\u00eda 2018<\/a>\r\n<\/span><\/p>\r\n<strong>(PDF)<\/strong> <span style=\"text-decoration: underline;\"><a href=\"https:\/\/www.proingesa.cl\/proingesa\/wp-content\/uploads\/2018\/07\/experiencias_estudios_sistemicos_energia_2018.pdf\">Experiencias en Estudios Sist\u00e9micos Energ\u00eda 2018<\/a> <\/span>\r\n\r\n<strong>(PDF)<\/strong> <span style=\"text-decoration: underline;\"><a href=\"https:\/\/www.proingesa.cl\/proingesa\/wp-content\/uploads\/2018\/07\/listado_proyectos_industrial_energia.pdf\">Listado de Proyectos Industrial y Energ\u00eda<\/a><\/span>\r\n\r\n&nbsp;","protected":false},"excerpt":{"rendered":"<p>En esta secci\u00f3n, podr\u00e1 acceder a documentos y presentaciones de nuestra empresa: (PDF)\u00a0Presentaci\u00f3n \u00c1rea Industrial 2018 (PDF)\u00a0Presentaci\u00f3n Experiencia Energ\u00eda 2018 (PDF) Experiencias en Estudios Sist\u00e9micos Energ\u00eda 2018 (PDF) Listado de Proyectos Industrial y Energ\u00eda &nbsp;<\/p>\n","protected":false},"author":1,"featured_media":0,"parent":0,"menu_order":0,"comment_status":"closed","ping_status":"closed","template":"","meta":[],"_links":{"self":[{"href":"https:\/\/www.proingesa.cl\/proingesa\/wp-json\/wp\/v2\/pages\/884"}],"collection":[{"href":"https:\/\/www.proingesa.cl\/proingesa\/wp-json\/wp\/v2\/pages"}],"about":[{"href":"https:\/\/www.proingesa.cl\/proingesa\/wp-json\/wp\/v2\/types\/page"}],"author":[{"embeddable":true,"href":"https:\/\/www.proingesa.cl\/proingesa\/wp-json\/wp\/v2\/users\/1"}],"replies":[{"embeddable":true,"href":"https:\/\/www.proingesa.cl\/proingesa\/wp-json\/wp\/v2\/comments?post=884"}],"version-history":[{"count":21,"href":"https:\/\/www.proingesa.cl\/proingesa\/wp-json\/wp\/v2\/pages\/884\/revisions"}],"predecessor-version":[{"id":886,"href":"https:\/\/www.proingesa.cl\/proingesa\/wp-json\/wp\/v2\/pages\/884\/revisions\/886"}],"wp:attachment":[{"href":"https:\/\/www.proingesa.cl\/proingesa\/wp-json\/wp\/v2\/media?parent=884"}],"curies":[{"name":"wp","href":"https:\/\/api.w.org\/{rel}","templated":true}]}}