{"id":6,"date":"2013-07-09T13:24:52","date_gmt":"2013-07-09T13:24:52","guid":{"rendered":"https:\/\/www.proingesa.cl\/proingesa\/?page_id=6"},"modified":"2018-08-06T22:37:09","modified_gmt":"2018-08-06T22:37:09","slug":"la-empresa","status":"publish","type":"page","link":"https:\/\/www.proingesa.cl\/proingesa\/la-empresa\/","title":{"rendered":"La Empresa"},"content":{"rendered":"<strong><img loading=\"lazy\" class=\"size-medium wp-image-109 alignleft\" alt=\"proingesa1\" src=\"https:\/\/www.proingesa.cl\/proingesa\/wp-content\/uploads\/2013\/07\/proingesa1-259x300.jpg\" width=\"259\" height=\"300\" srcset=\"https:\/\/www.proingesa.cl\/proingesa\/wp-content\/uploads\/2013\/07\/proingesa1-259x300.jpg 259w, https:\/\/www.proingesa.cl\/proingesa\/wp-content\/uploads\/2013\/07\/proingesa1.jpg 277w\" sizes=\"(max-width: 259px) 100vw, 259px\" \/>Proingesa es una exitosa empresa de servicios de ingenier\u00eda con m\u00e1s de 20 a\u00f1os de experiencia<\/strong>, responsable, profesional, y que trata a cada uno de sus clientes con respeto y honestidad, factores claves para posicionarnos entre las mejores empresas de ingenier\u00eda de nuestro pa\u00eds.\r\n\r\nNuestra empresa ha sido part\u00edcipe importante en los grandes proyectos industriales y de energ\u00eda de los \u00faltimos a\u00f1os, contribuyendo de esta forma, al desarrollo y crecimiento econ\u00f3mico del pa\u00eds, en las \u00e1reas de <strong>Miner\u00eda, Oil&amp;Gas y Energ\u00eda<\/strong>.\r\n\r\nLa metodolog\u00eda de trabajo de Proingesa est\u00e1 orientada a la direcci\u00f3n de proyectos de acuerdo a la metodolog\u00eda PMI y aplicando los sistemas de gesti\u00f3n en calidad ISO-9001, seguridad OHSAS 18001 y proyectos API\/ISO-29001.\u00a0<strong>Numerosos premios y certificaciones avalan nuestra calidad y en la alta capacidad de gesti\u00f3n de nuestra empresa<\/strong>\u00a0como el Premio PYME Gesti\u00f3n Competitiva Versi\u00f3n 2010, Categor\u00eda Plata que se adjudic\u00f3 nuestra empresa.","protected":false},"excerpt":{"rendered":"<p>Proingesa es una exitosa empresa de servicios de ingenier\u00eda con m\u00e1s de 20 a\u00f1os de experiencia, responsable, profesional, y que trata a cada uno de sus clientes con respeto y honestidad, factores claves para posicionarnos entre las mejores empresas de ingenier\u00eda de nuestro pa\u00eds. Nuestra empresa ha sido part\u00edcipe importante en los grandes proyectos industriales<\/p>\n<p><a href=\"https:\/\/www.proingesa.cl\/proingesa\/la-empresa\/\">(More)\u2026<\/a><\/p>\n","protected":false},"author":1,"featured_media":0,"parent":0,"menu_order":0,"comment_status":"closed","ping_status":"closed","template":"","meta":[],"_links":{"self":[{"href":"https:\/\/www.proingesa.cl\/proingesa\/wp-json\/wp\/v2\/pages\/6"}],"collection":[{"href":"https:\/\/www.proingesa.cl\/proingesa\/wp-json\/wp\/v2\/pages"}],"about":[{"href":"https:\/\/www.proingesa.cl\/proingesa\/wp-json\/wp\/v2\/types\/page"}],"author":[{"embeddable":true,"href":"https:\/\/www.proingesa.cl\/proingesa\/wp-json\/wp\/v2\/users\/1"}],"replies":[{"embeddable":true,"href":"https:\/\/www.proingesa.cl\/proingesa\/wp-json\/wp\/v2\/comments?post=6"}],"version-history":[{"count":10,"href":"https:\/\/www.proingesa.cl\/proingesa\/wp-json\/wp\/v2\/pages\/6\/revisions"}],"predecessor-version":[{"id":7,"href":"https:\/\/www.proingesa.cl\/proingesa\/wp-json\/wp\/v2\/pages\/6\/revisions\/7"}],"wp:attachment":[{"href":"https:\/\/www.proingesa.cl\/proingesa\/wp-json\/wp\/v2\/media?parent=6"}],"curies":[{"name":"wp","href":"https:\/\/api.w.org\/{rel}","templated":true}]}}