{"id":558,"date":"2013-09-12T17:18:33","date_gmt":"2013-09-12T17:18:33","guid":{"rendered":"https:\/\/www.proingesa.cl\/proingesa\/?page_id=558"},"modified":"2018-06-23T21:22:44","modified_gmt":"2018-06-23T21:22:44","slug":"ingenieria-electrica","status":"publish","type":"page","link":"https:\/\/www.proingesa.cl\/proingesa\/servicios-industria\/ingenieria-electrica\/","title":{"rendered":"Ingenier\u00eda El\u00e9ctrica"},"content":{"rendered":"<h3>Servicios de Ingenier\u00eda El\u00e9ctrica<\/h3>\r\n<ul>\r\n\t<li>Servicios de Ingenier\u00eda Conceptual, B\u00e1sica y de Detalle.<\/li>\r\n\t<li>Servicio de Estudios T\u00e9cnicos.<\/li>\r\n\t<li>Dise\u00f1o de Subestaciones Alta (220 KV, 110 KV), Media y Baja Tensi\u00f3n.<\/li>\r\n\t<li>Dise\u00f1o de L\u00edneas de Transmisi\u00f3n hasta 220 KV.<\/li>\r\n\t<li>Medici\u00f3n, C\u00e1lculo y Dise\u00f1o de Mallas de Tierra.<\/li>\r\n\t<li>Dise\u00f1os de Salas El\u00e9ctricas.<\/li>\r\n\t<li>Dise\u00f1o de Switchgear, CCM y Tableros.<\/li>\r\n\t<li>Estudios El\u00e9ctricos de Coordinaci\u00f3n de Protecciones.<\/li>\r\n\t<li>Estudios de Arm\u00f3nicos, Electromagn\u00e9ticos y Flujo de Potencia.<\/li>\r\n\t<li>Proyectos de Iluminaci\u00f3n.<\/li>\r\n\t<li>Proyectos de Instalaciones el\u00e9ctricas industriales.<\/li>\r\n<\/ul>\r\n<div class=\"new44\">\r\n<div class=\"new45\">experiencias \u00e1rea el\u00e9ctrica<\/div>\r\n<\/div>\r\n<div class=\"new98\">\r\n<div class=\"new99\">A\u00f1o<\/div>\r\n<div class=\"new100\">Descripci\u00f3n Experiencia<\/div>\r\n<\/div>\r\n<div class=\"new102\">\r\n<div class=\"new101\">\r\n<div class=\"new99\">2011<\/div>\r\n<div class=\"new100\">Incorporaci\u00f3n de Barra de Transferencia en 220 kV en S\/E Los Vilos<\/div>\r\n<\/div>\r\n<div class=\"new101\">\r\n<div class=\"new99\">2011<\/div>\r\n<div class=\"new100\">Incorporaci\u00f3n de Barra de Transferencia en 220 kV en S\/E Carrera Pinto<\/div>\r\n<\/div>\r\n<div class=\"new101\">\r\n<div class=\"new99\">2011<\/div>\r\n<div class=\"new100\">Normalizaci\u00f3n S\/E Chena 220 kV<\/div>\r\n<\/div>\r\n<div class=\"new101\">\r\n<div class=\"new99\">2011<\/div>\r\n<div class=\"new100\">Servicios de Ingenier\u00eda El\u00e9ctrica con Aseguramiento de Calidad<\/div>\r\n<\/div>\r\n<div class=\"new101\">\r\n<div class=\"new99\">2011<\/div>\r\n<div class=\"new100\">S\/E Lo Aguirre 220 kV &#8211; 500 kV<\/div>\r\n<\/div>\r\n<div class=\"new101\">\r\n<div class=\"new99\">2012<\/div>\r\n<div class=\"new100\">Ingenier\u00eda de Detalles para el montaje e interconexiones sistema de medici\u00f3n de opacidad en Cracking<\/div>\r\n<\/div>\r\n<div class=\"new101\">\r\n<div class=\"new99\">2012<\/div>\r\n<div class=\"new100\">Revision Ingenier\u00eda de Detalles Compresor J &#8211; 41 Topping 1<\/div>\r\n<\/div>\r\n<div class=\"new101\">\r\n<div class=\"new99\">2012<\/div>\r\n<div class=\"new100\">Ingenier\u00eda de Detalles para el montaje de un Analizador de Agua en Crudo para las Unidades de Toppin<\/div>\r\n<\/div>\r\n<div class=\"new101\">\r\n<div class=\"new99\">2012<\/div>\r\n<div class=\"new100\">Alimentaci\u00f3n El\u00e9ctrica SKID Dosificaci\u00f3n Estanques TK-336 \/ 3337<\/div>\r\n<\/div>\r\n<div class=\"new101\">\r\n<div class=\"new99\">2012<\/div>\r\n<div class=\"new100\">Ajuste de Protecciones y Partida de Motor J-282 de 4.160 KV &#8211; SH-21<\/div>\r\n<\/div>\r\n<div class=\"new101\">\r\n<div class=\"new99\">2012<\/div>\r\n<div class=\"new100\">Normalizaci\u00f3n Control Autom\u00e1tico de Partida de bombas Patio de Carga ERA<\/div>\r\n<\/div>\r\n<div class=\"new101\">\r\n<div class=\"new99\">2012<\/div>\r\n<div class=\"new100\">Revision y Normalizacion Mesa de Carga LPG en ERA<\/div>\r\n<\/div>\r\n<div class=\"new101\">\r\n<div class=\"new99\">2012<\/div>\r\n<div class=\"new100\">EAP L\u00ednea Ancoa Alto Jahuel 3<\/div>\r\n<\/div>\r\n<div class=\"new101\">\r\n<div class=\"new99\">2012<\/div>\r\n<div class=\"new100\">Ingenier\u00eda detalles para Conexi\u00f3n Transformador de Reemplazo Sala Molino Unitario<\/div>\r\n<\/div>\r\n<div class=\"new101\">\r\n<div class=\"new99\">2013<\/div>\r\n<div class=\"new100\">Ajustes de Protecciones de LLTT 110 kV Zona Tocopilla<\/div>\r\n<\/div>\r\n<div class=\"new101\">\r\n<div class=\"new99\">2013<\/div>\r\n<div class=\"new100\">Ampliacion PMGD Tambo Real<\/div>\r\n<\/div>\r\n<div class=\"new101\">\r\n<div class=\"new99\">2013<\/div>\r\n<div class=\"new100\">Normalizaci\u00f3n estaci\u00f3n carga y descarga electrolito en ventanas<\/div>\r\n<\/div>\r\n<div class=\"new101\">\r\n<div class=\"new99\">2013<\/div>\r\n<div class=\"new100\">Servicio de integraci\u00f3n Plano BBCC-Codelco rel\u00e9 maestro 86B<\/div>\r\n<\/div>\r\n<div class=\"new101\">\r\n<div class=\"new99\">2013<\/div>\r\n<div class=\"new100\">Alimentaci\u00f3n El\u00e9ctrica a Gabinete de Ventiladores de Transformadores Central Tarapac\u00e1<\/div>\r\n<\/div>\r\n<\/div>\r\n<div class=\"new44\">\r\n<div class=\"new45\">estudios \u00e1rea el\u00e9ctrica<\/div>\r\n<\/div>\r\n<div class=\"new98\">\r\n<div class=\"new99\">A\u00f1o<\/div>\r\n<div class=\"new100\">Descripci\u00f3n ESTUDIO<\/div>\r\n<\/div>\r\n<div class=\"new102\">\r\n<div class=\"new101\">\r\n<div class=\"new99\">2011<\/div>\r\n<div class=\"new100\">Estudio de paralelismo Transf. Principales DES<\/div>\r\n<\/div>\r\n<div class=\"new101\">\r\n<div class=\"new99\">2011<\/div>\r\n<div class=\"new100\">Estudio Coordinaci\u00f2n de Prot. Ptas. Chancado y Flotaci\u00f2n Arenas<\/div>\r\n<\/div>\r\n<div class=\"new101\">\r\n<div class=\"new99\">2011<\/div>\r\n<div class=\"new100\">Estudios El\u00e9ctricos para la S\/E Neptuno<\/div>\r\n<\/div>\r\n<div class=\"new101\">\r\n<div class=\"new99\">2012<\/div>\r\n<div class=\"new100\">Servicio de Verificaci\u00f3n Protecciones el\u00e9ctricas y Sistema Edac Subestaciones<\/div>\r\n<\/div>\r\n<div class=\"new101\">\r\n<div class=\"new99\">2012<\/div>\r\n<div class=\"new100\">Servicios de Mantencion de Equipos de Refineria Aconcagua<\/div>\r\n<\/div>\r\n<div class=\"new101\">\r\n<div class=\"new99\">2012<\/div>\r\n<div class=\"new100\">Servicios de Ingenier\u00eda para modificaciones S\/E Valpara\u00edso<\/div>\r\n<\/div>\r\n<div class=\"new101\">\r\n<div class=\"new99\">2012<\/div>\r\n<div class=\"new100\">Estudios Sistemicos Ampliacion Sistema 220 kV Agua Santa<\/div>\r\n<\/div>\r\n<div class=\"new101\">\r\n<div class=\"new99\">2012<\/div>\r\n<div class=\"new100\">Servicio de Ingenier\u00eda Conceptual Estudio de Reemplazo S\/E convertidora 60 Hz<\/div>\r\n<\/div>\r\n<div class=\"new101\">\r\n<div class=\"new99\">2013<\/div>\r\n<div class=\"new100\">Estudio de Ajuste Protecciones de L\u00ednea de Transmisi\u00f3n Proyecto Nuevo Nivel Mina<\/div>\r\n<\/div>\r\n<div class=\"new101\">\r\n<div class=\"new99\">2013<\/div>\r\n<div class=\"new100\">Estudio Partida de Motores MLP<\/div>\r\n<\/div>\r\n<div class=\"new101\">\r\n<div class=\"new99\">2013<\/div>\r\n<div class=\"new100\">Estudio de Medici\u00f3n de Malla de Puesta a Tierra GNL Mejillones<\/div>\r\n<\/div>\r\n<div class=\"new101\">\r\n<div class=\"new99\">2013<\/div>\r\n<div class=\"new100\">Revisi\u00f3n de estudio de Protecciones<\/div>\r\n<\/div>\r\n<\/div>","protected":false},"excerpt":{"rendered":"<p>Servicios de Ingenier\u00eda El\u00e9ctrica Servicios de Ingenier\u00eda Conceptual, B\u00e1sica y de Detalle. Servicio de Estudios T\u00e9cnicos. Dise\u00f1o de Subestaciones Alta (220 KV, 110 KV), Media y Baja Tensi\u00f3n. Dise\u00f1o de L\u00edneas de Transmisi\u00f3n hasta 220 KV. Medici\u00f3n, C\u00e1lculo y Dise\u00f1o de Mallas de Tierra. Dise\u00f1os de Salas El\u00e9ctricas. Dise\u00f1o de Switchgear, CCM y Tableros. Estudios<\/p>\n<p><a href=\"https:\/\/www.proingesa.cl\/proingesa\/servicios-industria\/ingenieria-electrica\/\">(More)\u2026<\/a><\/p>\n","protected":false},"author":1,"featured_media":0,"parent":66,"menu_order":0,"comment_status":"closed","ping_status":"closed","template":"page-servicios-industrial.php","meta":[],"_links":{"self":[{"href":"https:\/\/www.proingesa.cl\/proingesa\/wp-json\/wp\/v2\/pages\/558"}],"collection":[{"href":"https:\/\/www.proingesa.cl\/proingesa\/wp-json\/wp\/v2\/pages"}],"about":[{"href":"https:\/\/www.proingesa.cl\/proingesa\/wp-json\/wp\/v2\/types\/page"}],"author":[{"embeddable":true,"href":"https:\/\/www.proingesa.cl\/proingesa\/wp-json\/wp\/v2\/users\/1"}],"replies":[{"embeddable":true,"href":"https:\/\/www.proingesa.cl\/proingesa\/wp-json\/wp\/v2\/comments?post=558"}],"version-history":[{"count":8,"href":"https:\/\/www.proingesa.cl\/proingesa\/wp-json\/wp\/v2\/pages\/558\/revisions"}],"predecessor-version":[{"id":604,"href":"https:\/\/www.proingesa.cl\/proingesa\/wp-json\/wp\/v2\/pages\/558\/revisions\/604"}],"up":[{"embeddable":true,"href":"https:\/\/www.proingesa.cl\/proingesa\/wp-json\/wp\/v2\/pages\/66"}],"wp:attachment":[{"href":"https:\/\/www.proingesa.cl\/proingesa\/wp-json\/wp\/v2\/media?parent=558"}],"curies":[{"name":"wp","href":"https:\/\/api.w.org\/{rel}","templated":true}]}}