{"id":555,"date":"2013-09-12T17:18:19","date_gmt":"2013-09-12T17:18:19","guid":{"rendered":"https:\/\/www.proingesa.cl\/proingesa\/?page_id=555"},"modified":"2018-06-23T21:21:14","modified_gmt":"2018-06-23T21:21:14","slug":"ingenieria-de-procesos","status":"publish","type":"page","link":"https:\/\/www.proingesa.cl\/proingesa\/servicios-industria\/ingenieria-de-procesos\/","title":{"rendered":"Ingenier\u00eda de Procesos"},"content":{"rendered":"<h3>Servicios de Ingenier\u00eda de Procesos<\/h3>\r\n<ul>\r\n\t<li>Servicios de Ingenier\u00eda Conceptual, B\u00e1sica y de Detalle.<\/li>\r\n\t<li>Servicio de Estudios T\u00e9cnicos.<\/li>\r\n\t<li>Diagramas de Ingenier\u00eda (PBD, PFD, PHD, \u00a0P&amp;ID).<\/li>\r\n\t<li>Balance de Materiales.<\/li>\r\n\t<li>Balance de Energ\u00eda.<\/li>\r\n\t<li>Balances Hidr\u00e1ulicos.<\/li>\r\n\t<li>C\u00e1lculo y Dimensionamiento de Equipos de Procesos.<\/li>\r\n\t<li>Especificaciones y Data Sheets.<\/li>\r\n\t<li>Simulaciones de Proceso.<\/li>\r\n\t<li>Automatizaci\u00f3n y Control de Procesos.<\/li>\r\n\t<li>Optimizaci\u00f3n de Procesos Industriales.Elaboraci\u00f3n de Manuales de Operaci\u00f3n.<\/li>\r\n\t<li>Elaboraci\u00f3n de Manuales Control de Procesos.<\/li>\r\n<\/ul>\r\n<div class=\"new44\">\r\n<div class=\"new45\">experiencias \u00e1rea instrumentaci\u00f3n<\/div>\r\n<\/div>\r\n<div class=\"new98\">\r\n<div class=\"new99\">A\u00f1o<\/div>\r\n<div class=\"new100\">Descripci\u00f3n Experiencia<\/div>\r\n<\/div>\r\n<div class=\"new102\">\r\n<div class=\"new101\">\r\n<div class=\"new99\">2011<\/div>\r\n<div class=\"new100\">Servicio de Ingenier\u00eda para actualizaci\u00f3n y nuevos P&amp;ID en \u00e1reas de proceso en Planta Oxy<\/div>\r\n<\/div>\r\n<div class=\"new101\">\r\n<div class=\"new99\">2011<\/div>\r\n<div class=\"new100\">P&amp;ID Patio de Carga de Productos Limpios a Camiones<\/div>\r\n<\/div>\r\n<div class=\"new101\">\r\n<div class=\"new99\">2011<\/div>\r\n<div class=\"new100\">Actualizaci\u00f3n y Estandarizaci\u00f3n P&amp;ID Planta EKA<\/div>\r\n<\/div>\r\n<div class=\"new101\">\r\n<div class=\"new99\">2011<\/div>\r\n<div class=\"new100\">Desarrollo de Planillas de Instrumentos y L\u00f3gica de Contro, Planta EKAl<\/div>\r\n<\/div>\r\n<div class=\"new101\">\r\n<div class=\"new99\">2012<\/div>\r\n<div class=\"new100\">Estudio de aguas. Pruebas en RT.<\/div>\r\n<\/div>\r\n<\/div>","protected":false},"excerpt":{"rendered":"<p>Servicios de Ingenier\u00eda de Procesos Servicios de Ingenier\u00eda Conceptual, B\u00e1sica y de Detalle. Servicio de Estudios T\u00e9cnicos. Diagramas de Ingenier\u00eda (PBD, PFD, PHD, \u00a0P&amp;ID). Balance de Materiales. Balance de Energ\u00eda. Balances Hidr\u00e1ulicos. C\u00e1lculo y Dimensionamiento de Equipos de Procesos. Especificaciones y Data Sheets. Simulaciones de Proceso. Automatizaci\u00f3n y Control de Procesos. Optimizaci\u00f3n de Procesos Industriales.Elaboraci\u00f3n<\/p>\n<p><a href=\"https:\/\/www.proingesa.cl\/proingesa\/servicios-industria\/ingenieria-de-procesos\/\">(More)\u2026<\/a><\/p>\n","protected":false},"author":1,"featured_media":0,"parent":66,"menu_order":0,"comment_status":"closed","ping_status":"closed","template":"page-servicios-industrial.php","meta":[],"_links":{"self":[{"href":"https:\/\/www.proingesa.cl\/proingesa\/wp-json\/wp\/v2\/pages\/555"}],"collection":[{"href":"https:\/\/www.proingesa.cl\/proingesa\/wp-json\/wp\/v2\/pages"}],"about":[{"href":"https:\/\/www.proingesa.cl\/proingesa\/wp-json\/wp\/v2\/types\/page"}],"author":[{"embeddable":true,"href":"https:\/\/www.proingesa.cl\/proingesa\/wp-json\/wp\/v2\/users\/1"}],"replies":[{"embeddable":true,"href":"https:\/\/www.proingesa.cl\/proingesa\/wp-json\/wp\/v2\/comments?post=555"}],"version-history":[{"count":8,"href":"https:\/\/www.proingesa.cl\/proingesa\/wp-json\/wp\/v2\/pages\/555\/revisions"}],"predecessor-version":[{"id":601,"href":"https:\/\/www.proingesa.cl\/proingesa\/wp-json\/wp\/v2\/pages\/555\/revisions\/601"}],"up":[{"embeddable":true,"href":"https:\/\/www.proingesa.cl\/proingesa\/wp-json\/wp\/v2\/pages\/66"}],"wp:attachment":[{"href":"https:\/\/www.proingesa.cl\/proingesa\/wp-json\/wp\/v2\/media?parent=555"}],"curies":[{"name":"wp","href":"https:\/\/api.w.org\/{rel}","templated":true}]}}