{"id":496,"date":"2013-08-02T18:54:33","date_gmt":"2013-08-02T18:54:33","guid":{"rendered":"https:\/\/www.proingesa.cl\/proingesa\/?page_id=496"},"modified":"2018-06-23T03:10:51","modified_gmt":"2018-06-23T03:10:51","slug":"empresas-relacionadas","status":"publish","type":"page","link":"https:\/\/www.proingesa.cl\/proingesa\/la-empresa\/empresas-relacionadas\/","title":{"rendered":"Empresas Relacionadas"},"content":{"rendered":"Ante la necesidad de atender en forma especializada a nuestros clientes, se crearon en el a\u00f1o 2008, dos empresas relacionadas con Proingesa, Isercon para atender todas las necesidades de outsorcing y dise\u00f1o de software de nuestros clientes as\u00ed como CO3 para atender los requerimientos de montajes y construcci\u00f3n.\r\n<table class=\"new89\" width=\"100%\" border=\"0\" cellspacing=\"0\" cellpadding=\"0\">\r\n<tbody>\r\n<tr>\r\n<td class=\"new88\" align=\"center\" valign=\"top\" bgcolor=\"#FFFFFF\" width=\"30%\"><a href=\"http:\/\/www.co3.cl\/co3\/\" target=\"_blank\"><img loading=\"lazy\" class=\"alignright size-medium wp-image-508\" alt=\"co31\" src=\"https:\/\/www.proingesa.cl\/proingesa\/wp-content\/uploads\/2013\/08\/co31.jpg\" width=\"300\" height=\"98\" border=\"0\" \/><\/a><\/td>\r\n<td align=\"left\" valign=\"top\" width=\"70%\">\r\n<div class=\"new87\"><span class=\"new78\"><a href=\"http:\/\/www.co3.cl\/co3\/\" target=\"_blank\">CO3 \u2013 www.co3.cl<\/a><\/span><\/div>\r\n<div class=\"new87\"><span class=\"new91\">Es una empresa del grupo Proingesa dedicada al montaje y construcci\u00f3n de obras industriales. CO3 nace el a\u00f1o 2008 con el objetivo de enfrentar los nuevos requerimientos de clientes que requieran un proyecto llave en mano o EPC que incluya la ingenier\u00eda, el suministro de equipos y la construcci\u00f3n.<\/span><\/div><\/td>\r\n<\/tr>\r\n<\/tbody>\r\n<\/table>\r\n<table class=\"new89\" width=\"100%\" border=\"0\" cellspacing=\"0\" cellpadding=\"0\">\r\n<tbody>\r\n<tr>\r\n<td class=\"new88\" align=\"center\" valign=\"top\" bgcolor=\"#FFFFFF\" width=\"30%\"><a href=\"http:\/\/www.isercon.cl\/isercon\/\" target=\"_blank\"><img loading=\"lazy\" class=\"alignright size-full wp-image-509\" alt=\"isercon1\" src=\"https:\/\/www.proingesa.cl\/proingesa\/wp-content\/uploads\/2013\/08\/isercon11.jpg\" width=\"300\" height=\"98\" border=\"0\" \/><\/a><\/td>\r\n<td align=\"left\" valign=\"top\" width=\"70%\">\r\n<div class=\"new87\"><span class=\"new78\"><a href=\"http:\/\/www.isercon.cl\/isercon\/\" target=\"_blank\">ISERCON \u2013 www.isercon.cl<\/a><\/span><\/div>\r\n<div class=\"new87\"><span class=\"new91\">Es una empresa del grupo Proingesa dedicada a la gesti\u00f3n de personas y desarrollo de software inform\u00e1tico. Sus servicios abarcan desde administraci\u00f3n de servicios industriales como bodega, contratistas y el desarrollo de aplicaciones de software de administraci\u00f3n.<\/span><\/div><\/td>\r\n<\/tr>\r\n<\/tbody>\r\n<\/table>","protected":false},"excerpt":{"rendered":"<p>Ante la necesidad de atender en forma especializada a nuestros clientes, se crearon en el a\u00f1o 2008, dos empresas relacionadas con Proingesa, Isercon para atender todas las necesidades de outsorcing y dise\u00f1o de software de nuestros clientes as\u00ed como CO3 para atender los requerimientos de montajes y construcci\u00f3n. CO3 \u2013 www.co3.cl Es una empresa del<\/p>\n<p><a href=\"https:\/\/www.proingesa.cl\/proingesa\/la-empresa\/empresas-relacionadas\/\">(More)\u2026<\/a><\/p>\n","protected":false},"author":1,"featured_media":0,"parent":6,"menu_order":0,"comment_status":"closed","ping_status":"closed","template":"","meta":[],"_links":{"self":[{"href":"https:\/\/www.proingesa.cl\/proingesa\/wp-json\/wp\/v2\/pages\/496"}],"collection":[{"href":"https:\/\/www.proingesa.cl\/proingesa\/wp-json\/wp\/v2\/pages"}],"about":[{"href":"https:\/\/www.proingesa.cl\/proingesa\/wp-json\/wp\/v2\/types\/page"}],"author":[{"embeddable":true,"href":"https:\/\/www.proingesa.cl\/proingesa\/wp-json\/wp\/v2\/users\/1"}],"replies":[{"embeddable":true,"href":"https:\/\/www.proingesa.cl\/proingesa\/wp-json\/wp\/v2\/comments?post=496"}],"version-history":[{"count":7,"href":"https:\/\/www.proingesa.cl\/proingesa\/wp-json\/wp\/v2\/pages\/496\/revisions"}],"predecessor-version":[{"id":501,"href":"https:\/\/www.proingesa.cl\/proingesa\/wp-json\/wp\/v2\/pages\/496\/revisions\/501"}],"up":[{"embeddable":true,"href":"https:\/\/www.proingesa.cl\/proingesa\/wp-json\/wp\/v2\/pages\/6"}],"wp:attachment":[{"href":"https:\/\/www.proingesa.cl\/proingesa\/wp-json\/wp\/v2\/media?parent=496"}],"curies":[{"name":"wp","href":"https:\/\/api.w.org\/{rel}","templated":true}]}}