{"id":412,"date":"2013-08-01T21:58:57","date_gmt":"2013-08-01T21:58:57","guid":{"rendered":"https:\/\/www.proingesa.cl\/proingesa\/?page_id=412"},"modified":"2018-08-07T21:46:09","modified_gmt":"2018-08-07T21:46:09","slug":"proyectos-vigentes","status":"publish","type":"page","link":"https:\/\/www.proingesa.cl\/proingesa\/proyectos-vigentes\/","title":{"rendered":"Proyectos"},"content":{"rendered":"A continuaci\u00f3n se encuentran algunos importantes proyectos destacados, para ver una lista m\u00e1s completa de proyectos, ingrese a este <a href=\"https:\/\/www.proingesa.cl\/proingesa\/wp-content\/uploads\/2018\/07\/listado_proyectos_industrial_energia.pdf\" target=\"_blank\">link<\/a>.\r\n\r\n<table class=\"new89\" width=\"100%\" border=\"0\" cellspacing=\"0\" cellpadding=\"0\">\r\n<tbody>\r\n<tr>\r\n<td class=\"new92\" align=\"center\" valign=\"top\" bgcolor=\"#FFFFFF\" width=\"30%\"><img class=\"size-full wp-image-448\" alt=\"\" src=\"https:\/\/www.proingesa.cl\/proingesa\/wp-content\/uploads\/2018\/08\/proyecto17060.jpg\" width=\"100%\"\/><\/td>\r\n<td align=\"left\" valign=\"top\" width=\"70%\">\r\n<div class=\"new93\"><span class=\"new78c\">cliente: ENAP &#8211; ERA<\/span><span class=\"new78\">Servicio de desarrollo de ingenieria de detalles el\u00e9ctrica para proyectos de Enap Refineria Aconcagua<\/span>\r\n<span class=\"new78b\">Los servicios consisten en la realizaci\u00f3n de Ingenier\u00edas Detalles El\u00e9ctricas para el \u00c1rea de Proyectos de ERA de tal forma de materializar los proyectos e iniciativas comprometidas para el a\u00f1o en curso 2017 y pr\u00f3ximos (2017-2019). Los servicios comprenden el estudio y desarrollo de los planos, documentos, especificaciones, hojas de datos de equipos, preparaci\u00f3n de bases de licitaci\u00f3n de estudios e ingenier\u00edas, como tambi\u00e9n el apoyo en la inspecci\u00f3n t\u00e9cnica de equipos en terreno y toda documentaci\u00f3n que involucre el proyecto.<\/span><\/div><\/td>\r\n<\/tr>\r\n<\/tbody>\r\n<\/table>\r\n<table class=\"new89\" width=\"100%\" border=\"0\" cellspacing=\"0\" cellpadding=\"0\">\r\n<tbody>\r\n<tr>\r\n<td class=\"new92\" align=\"center\" valign=\"top\" bgcolor=\"#FFFFFF\" width=\"30%\"><img class=\"size-full wp-image-448\" alt=\"\" src=\"https:\/\/www.proingesa.cl\/proingesa\/wp-content\/uploads\/2018\/08\/proyecto16257.jpg\" width=\"100%\"\/><\/td>\r\n<td align=\"left\" valign=\"top\" width=\"70%\">\r\n<div class=\"new93\"><span class=\"new78c\">cliente: ENAP &#8211; ERA<\/span><span class=\"new78\">Servicios especializados para el desarrollo de ingenierias de detalle instrumentales con apoyo mecanico para refineria Aconcagua<\/span>\r\n<span class=\"new78b\">El alcance de los trabajos considera la realizaci\u00f3n de Ingenier\u00edas de la especialidad de Instrumentaci\u00f3n y Control para el \u00e1rea de Ingenier\u00eda de Detalles. Los servicios comprenden el estudio y desarrollo de los planos, hojas de datos de equipos, preparaci\u00f3n de bases t\u00e9cnicas de licitaci\u00f3n de estudios e Ingenier\u00edas, como a la vez el apoyo en la Inspecci\u00f3n T\u00e9cnica de equipos en terreno y toda documentaci\u00f3n que emane de los proyectos en desarrollo. <\/span><\/div><\/td>\r\n<\/tr>\r\n<\/tbody>\r\n<\/table>\r\n<table class=\"new89\" width=\"100%\" border=\"0\" cellspacing=\"0\" cellpadding=\"0\">\r\n<tbody>\r\n<tr>\r\n<td class=\"new92\" align=\"center\" valign=\"top\" bgcolor=\"#FFFFFF\" width=\"30%\"><img class=\"size-full wp-image-448\" alt=\"\" src=\"https:\/\/www.proingesa.cl\/proingesa\/wp-content\/uploads\/2018\/08\/proyecto16030.jpg\" width=\"100%\"\/><\/td>\r\n<td align=\"left\" valign=\"top\" width=\"70%\">\r\n<div class=\"new93\"><span class=\"new78c\">cliente: nexxo<\/span><span class=\"new78\">EPC reemplazo Emergencia Torre de Absorci\u00f3n Planta de Limpieza de Gases N\u00b01 Fundici\u00f3n Caletones, Codelco El Teniente<\/span>\r\n<span class=\"new78b\">Se nos adjudica el servicio de ingenier\u00eda de detalles en las siguientes disciplinas: <br>\r\n&#8211; Especialidad de procesos;<br>\r\n&#8211; Especialidad mec\u00e1nica;<br>\r\n&#8211; Especialidad ca\u00f1er\u00edas;<br>\r\n&#8211; Especialidad civil-estructural;<br>\r\n&#8211; Especialidad electricidad;<br>\r\n&#8211; Especialidad instrumentaci\u00f3n y<br>\r\n&#8211; Miscel\u00e1neos.<\/span><\/div><\/td>\r\n<\/tr>\r\n<\/tbody>\r\n<\/table>\r\n<table class=\"new89\" width=\"100%\" border=\"0\" cellspacing=\"0\" cellpadding=\"0\">\r\n<tbody>\r\n<tr>\r\n<td class=\"new92\" align=\"center\" valign=\"top\" bgcolor=\"#FFFFFF\" width=\"30%\"><img class=\"size-full wp-image-448\" alt=\"\" src=\"https:\/\/www.proingesa.cl\/proingesa\/wp-content\/uploads\/2018\/08\/proyecto15261.jpg\" width=\"100%\"\/><\/td>\r\n<td align=\"left\" valign=\"top\" width=\"70%\">\r\n<div class=\"new93\"><span class=\"new78c\">cliente: ENAP &#8211; ERA<\/span><span class=\"new78\">Servicio especializado de ingenier\u00eda en las areas de actualizaci\u00f3n y modificaci\u00f3n de P&#038;ID, plano y diagramas para refineria Aconcagua<\/span>\r\n<span class=\"new78b\">Contempla entre otros, la realizaci\u00f3n de los siguientes requerimientos indicados en las bases t\u00e9cnicas:<br>\r\n&#8211; Modificaci\u00f3n de P&#038;ID <br>\r\n&#8211; P&#038;ID \u00abAs Built\u00bb (Actualizaci\u00f3n de P&#038;ID) <br>\r\n&#8211; Plano Nuevo<br>\r\n&#8211; Isom\u00e9tricos Nuevos para L\u00edneas Provisorias<br>\r\n&#8211; Isom\u00e9tricos B\u00e1sicos<\/span><\/div><\/td>\r\n<\/tr>\r\n<\/tbody>\r\n<\/table>\r\n<table class=\"new89\" width=\"100%\" border=\"0\" cellspacing=\"0\" cellpadding=\"0\">\r\n<tbody>\r\n<tr>\r\n<td class=\"new92\" align=\"center\" valign=\"top\" bgcolor=\"#FFFFFF\" width=\"30%\"><img class=\"size-full wp-image-448\" alt=\"\" src=\"https:\/\/www.proingesa.cl\/proingesa\/wp-content\/uploads\/2018\/08\/proyecto15001.jpg\" width=\"100%\"\/><\/td>\r\n<td align=\"left\" valign=\"top\" width=\"70%\">\r\n<div class=\"new93\"><span class=\"new78c\">cliente: bhp<\/span><span class=\"new78\">Servicio de Ingeniero Independiente Proyecto Sitramel<\/span>\r\n<span class=\"new78b\">&#8211; Identificar posibles problemas de dise\u00f1o de la Ingenier\u00eda y proponer soluciones a estos problemas durante la ejecuci\u00f3n de los servicios de ingenier\u00eda por parte del BOTista. <br>\r\n\r\n&#8211; Revisi\u00f3n, Inspecci\u00f3n y Pruebas pre-operacionales del equipamiento (Precommissioning).  <br>\r\n\r\n&#8211; Verificar que los Planos As-Built del Proyecto fueron entregados en conformidad a las obras de montaje y construcci\u00f3n descritas en las bases t\u00e9cnicas del proyecto.  <br>\r\n\r\n&#8211; Revisar el Programa de Energizaci\u00f3n y Puesta en Servicio del Proyecto.  <br>\r\n\r\n&#8211; Revisar y validar las Pruebas de Puesta en servicio. Adem\u00e1s, de constatar el correcto funcionamiento de las instalaciones.  <br>\r\n\r\n&#8211; Controlar en el dise\u00f1o del proyecto las exigencias HSEC establecidas por la autoridad y en particular las indicadas en el Proyecto.  <br>\r\n\r\n&#8211; Ayudar a las Partes en virtud del acuerdo de Contrato BOT en la resoluci\u00f3n de cualquier disputa t\u00e9cnica del proyecto t\u00e9rminos de Referencia &#8211; Ampliaci\u00f3n del Sistema de Transmisi\u00f3n Minera Escondida Limitada (SitraMEL).  <br>\r\n\r\n&#8211; El Ingeniero Independiente desempe\u00f1ar\u00e1 sus funciones de manera justa, imparcial y eficaz, de acuerdo con los m\u00e1s altos est\u00e1ndares de integridad profesional, aplicando en todo momento el criterio junto a las buenas pr\u00e1cticas de la Ingenier\u00eda y Construcci\u00f3n. <br>\r\n\r\n<\/span><\/div><\/td>\r\n<\/tr>\r\n<\/tbody>\r\n<\/table>\r\n<table class=\"new89\" width=\"100%\" border=\"0\" cellspacing=\"0\" cellpadding=\"0\">\r\n<tbody>\r\n<tr>\r\n<td class=\"new92\" align=\"center\" valign=\"top\" width=\"30%\"><img class=\"size-full wp-image-448\" alt=\"\" src=\"https:\/\/www.proingesa.cl\/proingesa\/wp-content\/uploads\/2018\/08\/proyecto14089.jpg\" width=\"100%\"\/><\/td>\r\n<td align=\"left\" valign=\"top\" width=\"70%\">\r\n<div class=\"new93\"><span class=\"new78c\">cliente: nexxo<\/span><span class=\"new78\">Implementaci\u00f3n Planta de Tratamiento de Gases de Cola, en Codelco Divisi\u00f3n Ventanas <\/span>\r\n<span class=\"new78b\">Se nos adjudica el servicio de ingenier\u00eda de detalles en las siguientes disciplinas: <br>\r\n&#8211; Especialidad de procesos; <br>\r\n&#8211; Especialidad mec\u00e1nica; <br>\r\n&#8211; Especialidad ca\u00f1er\u00edas; <br>\r\n&#8211; Especialidad civil-estructural;  <br>\r\n&#8211; Especialidad electricidad;  <br>\r\n&#8211; Especialidad instrumentaci\u00f3n y <br>\r\n&#8211; Miscel\u00e1neos.<\/span><\/div><\/td>\r\n<\/tr>\r\n<\/tbody>\r\n<\/table>\r\n<table class=\"new89\" width=\"100%\" border=\"0\" cellspacing=\"0\" cellpadding=\"0\">\r\n<tbody>\r\n<tr>\r\n<td class=\"new92\" align=\"center\" valign=\"top\" bgcolor=\"#FFFFFF\" width=\"30%\"><img class=\"size-full wp-image-448\" alt=\"\" src=\"https:\/\/www.proingesa.cl\/proingesa\/wp-content\/uploads\/2018\/08\/proyecto14029.jpg\" width=\"100%\"\/><\/td>\r\n<td align=\"left\" valign=\"top\" width=\"70%\">\r\n<div class=\"new93\"><span class=\"new78c\">cliente: salfa<\/span><span class=\"new78\">Ingenier\u00eda de detalled proyecto \u00abCentral T\u00e9rmica Andes Generaci\u00f3n\u00bb<\/span>\r\n<span class=\"new78b\">Se nos adjudica el levantamiento de Equipos y sistemas ya adquiridos (generadores diesel para uso con FO6, Caldera, Separadores, Sist de aire y comoresoir). Desarrollo de ing que define equipos aun no comprados (estanques, piping, planta de agua y riles entre otros). Desarrollo de ing de detalle que considera la elaboraci\u00f3n de documentos, planos y especificaciones de dise\u00f1o requeridos para la construccion. desarrollo de ingenieria para trabajos electricos asociados a L\u00ednea de Transimisi\u00f3n y S\/E Diego de de Almagro<\/span><\/div><\/td>\r\n<\/tr>\r\n<\/tbody>\r\n<\/table>\r\n<table class=\"new89\" width=\"100%\" border=\"0\" cellspacing=\"0\" cellpadding=\"0\">\r\n<tbody>\r\n<tr>\r\n<td class=\"new92\" align=\"center\" valign=\"top\" bgcolor=\"#FFFFFF\" width=\"30%\"><img class=\"size-full wp-image-448\" alt=\"\" src=\"https:\/\/www.proingesa.cl\/proingesa\/wp-content\/uploads\/2018\/08\/proyecto13402.jpg\" width=\"100%\"\/><\/td>\r\n<td align=\"left\" valign=\"top\" width=\"70%\">\r\n<div class=\"new93\"><span class=\"new78c\">cliente: CODELCO DIVISION ANDINA<\/span><span class=\"new78\">Ingenierias Sistema Electrcico DAND 2014<\/span>\r\n<span class=\"new78b\">El servicio de ingenier\u00eda solicitado por contempla desarrollar parcial o integralmente ingenier\u00edas en diferentes etapas asociadas a tres (3) proyectos, para DAND interno Superintendencia de Servicios El\u00e9ctricos dependiente de la Gerencia de Servicios (SSE-GSER), y comprometidos en cartera de la Direcci\u00f3n de Proyectos Servicios e infraestructura de la Gerencia de Proyectos (DPSI-GPRO). \r\n\r\nSe requiere un servicio de ingenier\u00eda para atender total o parcialmente los alcances de las iniciativas API:\r\n  <br>\r\n &#8211; A13M215 y A13M450. Reemplazo de equipos Etapas 1 2 y 3.  <br>\r\n &#8211; A13M224. Desarrollo Sistema El\u00e9ctrico.  <br>\r\n &#8211; A13M106. Ampliaci\u00f3n Generaci\u00f3n de Emergencia DAND.  <br>\r\n &#8211; A14MXXX. Interferencia Loop Mina Rajo Etapa_2.  <br>\r\n &#8211; Servicios de mediciones.  <br>\r\n&#8211; Servicios de ingenier\u00eda.<\/span><\/div><\/td>\r\n<\/tr>\r\n<\/tbody>\r\n<\/table>","protected":false},"excerpt":{"rendered":"<p>A continuaci\u00f3n se encuentran algunos importantes proyectos destacados, para ver una lista m\u00e1s completa de proyectos, ingrese a este link. cliente: ENAP &#8211; ERAServicio de desarrollo de ingenieria de detalles el\u00e9ctrica para proyectos de Enap Refineria Aconcagua Los servicios consisten en la realizaci\u00f3n de Ingenier\u00edas Detalles El\u00e9ctricas para el \u00c1rea de Proyectos de ERA de<\/p>\n<p><a href=\"https:\/\/www.proingesa.cl\/proingesa\/proyectos-vigentes\/\">(More)\u2026<\/a><\/p>\n","protected":false},"author":1,"featured_media":0,"parent":0,"menu_order":0,"comment_status":"closed","ping_status":"closed","template":"","meta":[],"_links":{"self":[{"href":"https:\/\/www.proingesa.cl\/proingesa\/wp-json\/wp\/v2\/pages\/412"}],"collection":[{"href":"https:\/\/www.proingesa.cl\/proingesa\/wp-json\/wp\/v2\/pages"}],"about":[{"href":"https:\/\/www.proingesa.cl\/proingesa\/wp-json\/wp\/v2\/types\/page"}],"author":[{"embeddable":true,"href":"https:\/\/www.proingesa.cl\/proingesa\/wp-json\/wp\/v2\/users\/1"}],"replies":[{"embeddable":true,"href":"https:\/\/www.proingesa.cl\/proingesa\/wp-json\/wp\/v2\/comments?post=412"}],"version-history":[{"count":37,"href":"https:\/\/www.proingesa.cl\/proingesa\/wp-json\/wp\/v2\/pages\/412\/revisions"}],"predecessor-version":[{"id":441,"href":"https:\/\/www.proingesa.cl\/proingesa\/wp-json\/wp\/v2\/pages\/412\/revisions\/441"}],"wp:attachment":[{"href":"https:\/\/www.proingesa.cl\/proingesa\/wp-json\/wp\/v2\/media?parent=412"}],"curies":[{"name":"wp","href":"https:\/\/api.w.org\/{rel}","templated":true}]}}