{"id":260,"date":"2013-08-01T15:57:26","date_gmt":"2013-08-01T15:57:26","guid":{"rendered":"https:\/\/www.proingesa.cl\/proingesa\/?page_id=260"},"modified":"2018-10-24T14:04:58","modified_gmt":"2018-10-24T14:04:58","slug":"premios","status":"publish","type":"page","link":"https:\/\/www.proingesa.cl\/proingesa\/premios\/","title":{"rendered":"Premios"},"content":{"rendered":"<table class=\"new89\" width=\"100%\" border=\"0\" cellspacing=\"0\" cellpadding=\"0\">\r\n<tbody>\r\n<tr>\r\n<td class=\"new88\" align=\"center\" valign=\"top\" bgcolor=\"#FFFFFF\" width=\"30%\"><img loading=\"lazy\" class=\"size-medium wp-image-268\" alt=\"\" src=\"https:\/\/www.proingesa.cl\/proingesa\/wp-content\/uploads\/2013\/08\/premio12.jpg\" width=\"133\" height=\"129\" align=\"middle\" hspace=\"0\" vspace=\"0\" \/><\/td>\r\n<td align=\"left\" valign=\"top\" width=\"70%\">\r\n<div class=\"new87\"><span class=\"new78\">Premio PYME:\u00a0<\/span><span class=\"new91\">Premio PYME Gesti\u00f3n Competitiva Versi\u00f3n 2010, Categor\u00eda Plata, otorgado por ChileCalidad, entre 626 empresas, reconocimiento que representa un sello de calidad, gesti\u00f3n y futuro.<\/span><\/div><\/td>\r\n<\/tr>\r\n<\/tbody>\r\n<\/table>\r\n<table class=\"new89\" width=\"100%\" border=\"0\" cellspacing=\"0\" cellpadding=\"0\">\r\n<tbody>\r\n<tr>\r\n<td class=\"new88\" align=\"center\" valign=\"top\" bgcolor=\"#FFFFFF\" width=\"30%\"><img loading=\"lazy\" class=\"size-medium wp-image-268\" alt=\"\" src=\"https:\/\/www.proingesa.cl\/proingesa\/wp-content\/uploads\/2013\/08\/premio21.jpg\" width=\"133\" height=\"129\" align=\"middle\" hspace=\"0\" vspace=\"0\" \/><\/td>\r\n<td align=\"left\" valign=\"top\" width=\"70%\">\r\n<div class=\"new87\"><span class=\"new78\">Premio IST:\u00a0<\/span><span class=\"new91\">Premio excelencia en la Categor\u00eda \u00abEmpresas con m\u00e1s de 51 y menos de 100 trabajadores\u00bb por un intenso trabajo preventivo y el aumento en la competitividad de Proingesa. Otorgado por el Instituto de Seguridad del Trabajo IST.<\/span><\/div><\/td>\r\n<\/tr>\r\n<\/tbody>\r\n<\/table>\r\n<table class=\"new89\" width=\"100%\" border=\"0\" cellspacing=\"0\" cellpadding=\"0\">\r\n<tbody>\r\n<tr>\r\n<td class=\"new88\" align=\"center\" valign=\"top\" bgcolor=\"#FFFFFF\" width=\"30%\"><img loading=\"lazy\" class=\"size-medium wp-image-268\" alt=\"\" src=\"https:\/\/www.proingesa.cl\/proingesa\/wp-content\/uploads\/2013\/08\/premio3.jpg\" width=\"133\" height=\"129\" align=\"middle\" hspace=\"0\" vspace=\"0\" \/><\/td>\r\n<td align=\"left\" valign=\"top\" width=\"70%\">\r\n<div class=\"new87\"><span class=\"new78\">Premio RSE:\u00a0<\/span><span class=\"new91\">Premio \u00abResponsabilidad Social Empresarial 2010\u2033, entregado durante la 57\u00aa Junta General Ordinaria Anual de Socios el jueves 29 de abril, por la Asociaci\u00f3n de Empresas de la V Regi\u00f3n, ASIVA.<\/span><\/div><\/td>\r\n<\/tr>\r\n<\/tbody>\r\n<\/table>\r\n<table class=\"new89\" width=\"100%\" border=\"0\" cellspacing=\"0\" cellpadding=\"0\">\r\n<tbody>\r\n<tr>\r\n<td class=\"new88\" align=\"center\" valign=\"top\" bgcolor=\"#FFFFFF\" width=\"30%\"><img loading=\"lazy\" class=\"size-medium wp-image-268\" alt=\"\" src=\"https:\/\/www.proingesa.cl\/proingesa\/wp-content\/uploads\/2013\/08\/premio4.jpg\" width=\"133\" height=\"129\" align=\"middle\" hspace=\"0\" vspace=\"0\" \/><\/td>\r\n<td align=\"left\" valign=\"top\" width=\"70%\">\r\n<div class=\"new87\"><span class=\"new78\">Premio Seguridad Laboral:\u00a0<\/span><span class=\"new91\">Premio Seguridad Laboral otorgado por ASIVA.<\/span><\/div><\/td>\r\n<\/tr>\r\n<\/tbody>\r\n<\/table>\r\n<table class=\"new89\" width=\"100%\" border=\"0\" cellspacing=\"0\" cellpadding=\"0\">\r\n<tbody>\r\n<tr>\r\n<td class=\"new88\" align=\"center\" valign=\"top\" bgcolor=\"#FFFFFF\" width=\"30%\"><img loading=\"lazy\" class=\"size-medium wp-image-268\" alt=\"\" src=\"https:\/\/www.proingesa.cl\/proingesa\/wp-content\/uploads\/2018\/10\/premio5.jpg\" width=\"133\" height=\"129\" align=\"middle\" hspace=\"0\" vspace=\"0\" \/><\/td>\r\n<td align=\"left\" valign=\"top\" width=\"70%\">\r\n<div class=\"new87\"><span class=\"new78\">Certificaci\u00f3n ISO 9001:2015:\u00a0<\/span><span class=\"new91\">PROINGESA LTDA. logra la certificaci\u00f3n de su Sistema de Gesti\u00f3n bajo los requisitos de la Norma ISO 9001:2015 con la casa certificadora @_BureauVeritas.<\/span><\/div><\/td>\r\n<\/tr>\r\n<\/tbody>\r\n<\/table>\r\n<table class=\"new89\" width=\"100%\" border=\"0\" cellspacing=\"0\" cellpadding=\"0\">\r\n<tbody>\r\n<tr>\r\n<td class=\"new88\" align=\"center\" valign=\"top\" bgcolor=\"#FFFFFF\" width=\"30%\"><img loading=\"lazy\" class=\"size-medium wp-image-268\" alt=\"\" src=\"https:\/\/www.proingesa.cl\/proingesa\/wp-content\/uploads\/2018\/10\/premio6.jpg\" width=\"133\" height=\"129\" align=\"middle\" hspace=\"0\" vspace=\"0\" \/><\/td>\r\n<td align=\"left\" valign=\"top\" width=\"70%\">\r\n<div class=\"new87\"><span class=\"new78\">Premio IST:\u00a0<\/span><span class=\"new91\">PROINGESA Ltda. Realiz\u00f3 la celebraci\u00f3n de 2255 d\u00edas sin accidentes con tiempo perdido, en conjunto a IST y ENAP Refiner\u00edas Aconcagua. @enap_informa.<\/span><\/div><\/td>\r\n<\/tr>\r\n<\/tbody>\r\n<\/table>","protected":false},"excerpt":{"rendered":"<p>Premio PYME:\u00a0Premio PYME Gesti\u00f3n Competitiva Versi\u00f3n 2010, Categor\u00eda Plata, otorgado por ChileCalidad, entre 626 empresas, reconocimiento que representa un sello de calidad, gesti\u00f3n y futuro. Premio IST:\u00a0Premio excelencia en la Categor\u00eda \u00abEmpresas con m\u00e1s de 51 y menos de 100 trabajadores\u00bb por un intenso trabajo preventivo y el aumento en la competitividad de Proingesa. Otorgado<\/p>\n<p><a href=\"https:\/\/www.proingesa.cl\/proingesa\/premios\/\">(More)\u2026<\/a><\/p>\n","protected":false},"author":1,"featured_media":0,"parent":0,"menu_order":0,"comment_status":"closed","ping_status":"closed","template":"","meta":[],"_links":{"self":[{"href":"https:\/\/www.proingesa.cl\/proingesa\/wp-json\/wp\/v2\/pages\/260"}],"collection":[{"href":"https:\/\/www.proingesa.cl\/proingesa\/wp-json\/wp\/v2\/pages"}],"about":[{"href":"https:\/\/www.proingesa.cl\/proingesa\/wp-json\/wp\/v2\/types\/page"}],"author":[{"embeddable":true,"href":"https:\/\/www.proingesa.cl\/proingesa\/wp-json\/wp\/v2\/users\/1"}],"replies":[{"embeddable":true,"href":"https:\/\/www.proingesa.cl\/proingesa\/wp-json\/wp\/v2\/comments?post=260"}],"version-history":[{"count":55,"href":"https:\/\/www.proingesa.cl\/proingesa\/wp-json\/wp\/v2\/pages\/260\/revisions"}],"predecessor-version":[{"id":1013,"href":"https:\/\/www.proingesa.cl\/proingesa\/wp-json\/wp\/v2\/pages\/260\/revisions\/1013"}],"wp:attachment":[{"href":"https:\/\/www.proingesa.cl\/proingesa\/wp-json\/wp\/v2\/media?parent=260"}],"curies":[{"name":"wp","href":"https:\/\/api.w.org\/{rel}","templated":true}]}}